{"id":166,"date":"2026-01-03T16:28:04","date_gmt":"2026-01-03T16:28:04","guid":{"rendered":"https:\/\/tsc-bad-ischl.at\/?page_id=166"},"modified":"2026-01-03T16:52:22","modified_gmt":"2026-01-03T16:52:22","slug":"datenschutzerklaerung","status":"publish","type":"page","link":"https:\/\/tsc-bad-ischl.at\/?page_id=166","title":{"rendered":"Datenschutzerkl\u00e4rung"},"content":{"rendered":"\n<h2 class=\"wp-block-heading\">Zugriffsdaten<\/h2>\n\n\n\n<p>Der Websitebetreiber Tanzsportclub Bad Ischl erhebt aufgrund berechtigten Interesses (s. Art. 6 Abs. 1 lit. f. DSGVO) Daten \u00fcber Zugriffe auf die Website und speichert diese als \u201eServer-Logfiles\u201c auf dem Server der Website ab. Folgende Daten werden so protokolliert:<\/p>\n\n\n\n<p>\u2013 Besuchte Website<br>\u2013 Uhrzeit zum Zeitpunkt des Zugriffes<br>\u2013 Menge der gesendeten Daten in Byte<br>\u2013 Quelle\/Verweis, von welchem Sie auf die Seite gelangten<br>\u2013 Verwendeter Browser<br>\u2013 Verwendetes Betriebssystem<br>\u2013 Verwendete IP-Adresse<\/p>\n\n\n\n<p>Die Server-Logfiles werden f\u00fcr maximal 8 Wochen gespeichert und anschlie\u00dfend gel\u00f6scht. Die Speicherung der Daten erfolgt aus Sicherheitsgr\u00fcnden, um z. B. Missbrauchsf\u00e4lle aufkl\u00e4ren zu k\u00f6nnen. M\u00fcssen Daten aus Beweisgr\u00fcnden aufgehoben werden, sind sie solange von der L\u00f6schung ausgenommen, bis der Vorfall endg\u00fcltig gekl\u00e4rt ist.<\/p>\n\n\n\n<h2 class=\"wp-block-heading\">Personenbezogene Daten<\/h2>\n\n\n\n<p>F\u00fcr Einladungen und evtl. Newsletter verarbeiten wir Ihre personenbezogenen Daten, die unter folgende Datenkategorien fallen:<br>\u2013 Name<br>\u2013 Kontaktdaten (E-Mail-Adresse und falls angegeben Adresse, Telefonnummer)<\/p>\n\n\n\n<p>Sie k\u00f6nnen diese Einwilligung jederzeit widerrufen. Ein Widerruf hat zur Folge, dass wir Ihre Daten ab diesem Zeitpunkt zu oben genannten Zwecken nicht mehr verarbeiten. F\u00fcr einen Widerruf wenden Sie sich bitte an den Tanzsportclub Bad Ischl: an die im Impressum angef\u00fchrte E-Mail-Adresse.<\/p>\n\n\n\n<p>Ihre Daten werden ausschlie\u00dflich am Server unserer Homepage gespeichert und nicht an Dritte weitergegeben<\/p>\n\n\n\n<h2 class=\"wp-block-heading\">Rechtsbehelfsbelehrung<\/h2>\n\n\n\n<p>Ihnen stehen grunds\u00e4tzlich die Rechte auf Auskunft, Berichtigung, L\u00f6schung, Einschr\u00e4nkung, Daten\u00fcbertragbarkeit und Widerspruch zu. Daf\u00fcr wenden Sie sich an uns. Wenn Sie glauben, dass die Verarbeitung Ihrer Daten gegen das Datenschutzrecht verst\u00f6\u00dft oder Ihre datenschutzrechtlichen Anspr\u00fcche sonst in einer Weise verletzt worden sind, k\u00f6nnen Sie sich bei der Aufsichtsbeh\u00f6rde beschweren. In \u00d6sterreich ist die Datenschutzbeh\u00f6rde zust\u00e4ndig.<br>Urheberrecht<\/p>\n\n\n\n<p>Der Tanzsportclub Bad Ischl ist bestrebt, in allen Publikationen geltende Urheberrechte zu beachten. Sollte es trotzdem zu einer Urheberrechtsverletzung kommen, wird der Tanzsportclub Bad Ischl das entsprechende Objekt nach Benachrichtigung aus seiner Publikation entfernen bzw. mit dem entsprechenden Urheberrecht kenntlich machen.<\/p>\n\n\n\n<h2 class=\"wp-block-heading\">Cookies und Tracking<\/h2>\n\n\n\n<p>Wir verwenden keine Cookies. Ihre oben angef\u00fchrten Zugriffsdaten bleiben bis zum L\u00f6schen auf unserem Server und werden nicht an Dritte weitergeleitet.<\/p>\n\n\n\n<h2 class=\"wp-block-heading\">\u00a9 Copyright<\/h2>\n\n\n\n<p>Alle angegebenen Bilder und Texte auf dieser Website sind Eigentum des Tanzsportclubs Bad Ischl und fallen unter das Copyright-Gesetz. Daher bitten wir Sie, das Verwenden der Bilder und Texte zu unterlassen oder uns im Falle einer Verwendung zu kontaktieren.<\/p>\n","protected":false},"excerpt":{"rendered":"<p>Zugriffsdaten Der Websitebetreiber Tanzsportclub Bad Ischl erhebt aufgrund berechtigten Interesses (s. Art. 6 Abs. 1 lit. f. DSGVO) Daten \u00fcber Zugriffe auf die Website und speichert diese als \u201eServer-Logfiles\u201c auf dem Server der Website ab. Folgende Daten werden so protokolliert: \u2013 Besuchte Website\u2013 Uhrzeit zum Zeitpunkt des Zugriffes\u2013 Menge der gesendeten Daten in Byte\u2013 Quelle\/Verweis, &hellip; <a href=\"https:\/\/tsc-bad-ischl.at\/?page_id=166\" class=\"more-link\"><span class=\"screen-reader-text\">\u201eDatenschutzerkl\u00e4rung\u201c <\/span>weiterlesen<\/a><\/p>\n","protected":false},"author":1,"featured_media":0,"parent":0,"menu_order":0,"comment_status":"closed","ping_status":"closed","template":"","meta":{"ngg_post_thumbnail":0,"footnotes":""},"class_list":["post-166","page","type-page","status-publish","hentry"],"_links":{"self":[{"href":"https:\/\/tsc-bad-ischl.at\/index.php?rest_route=\/wp\/v2\/pages\/166","targetHints":{"allow":["GET"]}}],"collection":[{"href":"https:\/\/tsc-bad-ischl.at\/index.php?rest_route=\/wp\/v2\/pages"}],"about":[{"href":"https:\/\/tsc-bad-ischl.at\/index.php?rest_route=\/wp\/v2\/types\/page"}],"author":[{"embeddable":true,"href":"https:\/\/tsc-bad-ischl.at\/index.php?rest_route=\/wp\/v2\/users\/1"}],"replies":[{"embeddable":true,"href":"https:\/\/tsc-bad-ischl.at\/index.php?rest_route=%2Fwp%2Fv2%2Fcomments&post=166"}],"version-history":[{"count":2,"href":"https:\/\/tsc-bad-ischl.at\/index.php?rest_route=\/wp\/v2\/pages\/166\/revisions"}],"predecessor-version":[{"id":303,"href":"https:\/\/tsc-bad-ischl.at\/index.php?rest_route=\/wp\/v2\/pages\/166\/revisions\/303"}],"wp:attachment":[{"href":"https:\/\/tsc-bad-ischl.at\/index.php?rest_route=%2Fwp%2Fv2%2Fmedia&parent=166"}],"curies":[{"name":"wp","href":"https:\/\/api.w.org\/{rel}","templated":true}]}}